{"id":214,"date":"2019-03-26T11:09:32","date_gmt":"2019-03-26T11:09:32","guid":{"rendered":"http:\/\/christianclaas.com\/?page_id=214"},"modified":"2024-08-05T11:23:53","modified_gmt":"2024-08-05T11:23:53","slug":"musik","status":"publish","type":"page","link":"https:\/\/christianclaas.com\/?page_id=214","title":{"rendered":"Musik"},"content":{"rendered":"\t\t<div data-elementor-type=\"wp-post\" data-elementor-id=\"214\" class=\"elementor elementor-214\">\n\t\t\t\t\t\t<section class=\"elementor-section elementor-top-section elementor-element elementor-element-5109392f elementor-section-boxed elementor-section-height-default elementor-section-height-default\" data-id=\"5109392f\" data-element_type=\"section\">\n\t\t\t\t\t\t<div class=\"elementor-container elementor-column-gap-default\">\n\t\t\t\t\t<div class=\"elementor-column elementor-col-100 elementor-top-column elementor-element elementor-element-4aeb0946\" data-id=\"4aeb0946\" data-element_type=\"column\">\n\t\t\t<div class=\"elementor-widget-wrap elementor-element-populated\">\n\t\t\t\t\t\t<div class=\"elementor-element elementor-element-1914f531 elementor-drop-cap-yes elementor-drop-cap-view-default elementor-widget elementor-widget-text-editor\" data-id=\"1914f531\" data-element_type=\"widget\" data-settings=\"{&quot;drop_cap&quot;:&quot;yes&quot;}\" data-widget_type=\"text-editor.default\">\n\t\t\t\t<div class=\"elementor-widget-container\">\n\t\t\t\t\t\t\t<p><!-- wp:heading {\"align\":\"center\"} --><\/p>\n<p style=\"margin: 0cm 0cm 18pt 49.65pt; font-size: 10pt; font-family: 'Times New Roman'; caret-color: #000000; color: #000000; text-indent: -49.65pt;\">\u00a0<\/p>\n<p style=\"margin: 0cm 0cm 18pt 49.65pt; font-size: 10pt; font-family: 'Times New Roman'; caret-color: #000000; color: #000000; text-indent: -49.65pt;\"><span style=\"color: #7a7a7a; font-family: Helvetica; font-size: 16px;\">2022 \u00a0 \u00a0 \u00a0<\/span><span style=\"color: #7a7a7a; font-family: Helvetica; font-size: 16px;\"><b>Yvonne &#8211; Die Burgunderprinzessin &#8211; Soundtrack \u00a0und Theatermusik<\/b><\/span><\/p>\n<p style=\"margin: 0cm 0cm 18pt 49.65pt; font-size: 10pt; font-family: 'Times New Roman'; caret-color: #000000; color: #000000; text-indent: -49.65pt;\"><span style=\"color: #7a7a7a; font-family: Helvetica; font-size: 16px;\">\u00a0 \u00a0 \u00a0 \u00a0 \u00a0 \u00a0 \u00a0 \u00a0Insz.: Frank Engel<\/span><br style=\"color: #7a7a7a; font-family: Helvetica; font-size: 16px;\" \/><span style=\"color: #7a7a7a; font-family: Helvetica; font-size: 16px;\">Anhaltisches Theater, Dessau.\u00a0<\/span><\/p>\n<p style=\"margin: 0cm 0cm 18pt 49.65pt; font-size: 10pt; font-family: 'Times New Roman'; caret-color: #000000; color: #000000; text-indent: -49.65pt;\"><span style=\"color: #7a7a7a; font-family: Helvetica; font-size: 16px;\"><b>\u00a0 \u00a0 \u00a0 \u00a0 \u00a0 \u00a0 \u00a0 \u00a0Kleiner Mann &#8211; was nun? &#8211; Teil 2 \u00a0&#8211; Live Musik<\/b><\/span><\/p>\n<p style=\"margin: 0cm 0cm 18pt 49.65pt; font-size: 10pt; font-family: 'Times New Roman'; caret-color: #000000; color: #000000; text-indent: -49.65pt;\"><span style=\"color: #7a7a7a; font-family: Helvetica; font-size: 16px;\">\u00a0 \u00a0 \u00a0 \u00a0 \u00a0 \u00a0 \u00a0 \u00a0Insz.: Hardy Hoosmann<\/span><br style=\"color: #7a7a7a; font-family: Helvetica; font-size: 16px;\" \/><span style=\"color: #7a7a7a; font-family: Helvetica; font-size: 16px;\">Fritz Theater. Chemnitz\u00a0<\/span><\/p>\n<p style=\"margin: 0cm 0cm 18pt 49.65pt; font-size: 10pt; font-family: 'Times New Roman'; caret-color: #000000; color: #000000; text-indent: -49.65pt;\"><span style=\"color: #7a7a7a; font-family: Helvetica; font-size: 16px;\">2021 \u00a0 \u00a0 \u00a0 <b>Kleiner Mann &#8211; was nun? &#8211; Live Musik<\/b><\/span><\/p>\n<p style=\"margin: 0cm 0cm 18pt 49.65pt; font-size: 10pt; font-family: 'Times New Roman'; caret-color: #000000; color: #000000; text-indent: -49.65pt;\"><span style=\"color: #7a7a7a; font-family: Helvetica; font-size: 16px;\">\u00a0 \u00a0 \u00a0 \u00a0 \u00a0 \u00a0 \u00a0 \u00a0Insz.: Hardy Hoosmann<\/span><br style=\"color: #7a7a7a; font-family: Helvetica; font-size: 16px;\" \/><span style=\"color: #7a7a7a; font-family: Helvetica; font-size: 16px;\">Fritz Theater. Chemnitz\u00a0<\/span><span style=\"font-size: 12pt; font-family: Helvetica; color: #7a7a7a;\"><br \/><\/span><\/p>\n<p style=\"margin: 0cm 0cm 18pt 49.65pt; font-size: 10pt; font-family: 'Times New Roman'; caret-color: #000000; color: #000000; text-indent: -49.65pt;\"><span style=\"font-size: 12pt; font-family: Helvetica; color: #7a7a7a;\">2020 \u00a0 \u00a0 \u00a0\u00a0<\/span><b style=\"font-family: var( --e-global-typography-text-font-family ), Sans-serif; font-size: 1rem;\"><span style=\"font-size: 12pt; font-family: Helvetica; color: #7a7a7a;\">Der kleine H\u00e4welmann.\u00a0<\/span><\/b><span style=\"color: var( --e-global-color-text ); font-size: 12pt; font-family: Helvetica;\">Nach Storm<\/span><\/p>\n<p style=\"margin: 0cm 0cm 18pt 49.65pt; font-size: 10pt; font-family: 'Times New Roman'; caret-color: #000000; color: #000000; text-indent: -49.65pt;\"><span style=\"font-family: Helvetica; font-size: 12pt; color: var( --e-global-color-text );\">\u00a0 \u00a0 \u00a0 \u00a0 \u00a0 \u00a0 \u00a0 \u00a0Buch \/ Insz. \/ Ausstattung: Frank Engel<\/span><\/p>\n<p><span style=\"font-family: Helvetica; font-size: 12pt; color: var( --e-global-color-text );\">\u00a0 \u00a0 \u00a0 \u00a0 \u00a0 \u00a0 \u00a0 \u00a0Puppentheater Magdeburg<\/span><\/p>\n<p><b>\u00a0 \u00a0 \u00a0 \u00a0 \u00a0 \u00a0 \u00a0 \u00a0 \u00a0Rotk\u00e4ppchen<\/b><br \/>\u00a0 \u00a0 \u00a0 \u00a0 \u00a0 \u00a0 \u00a0 \u00a0 \u00a0Buch \/ Insz. \/ Ausstattung: Frank Engel<br \/>\u00a0 \u00a0 \u00a0 \u00a0 \u00a0 \u00a0 \u00a0 \u00a0 \u00a0Theater Junge Generation, Dresden<\/p>\n<p><b>\u00a0 \u00a0 \u00a0 \u00a0 \u00a0 \u00a0 \u00a0 \u00a0 \u00a0Wandertag im Weltraum<\/b><br \/>\u00a0 \u00a0 \u00a0 \u00a0 \u00a0 \u00a0 \u00a0 \u00a0 \u00a0Konzept \/ Buch \/ Regie: Christian Claas<br \/>\u00a0 \u00a0 \u00a0 \u00a0 \u00a0 \u00a0 \u00a0 \u00a0 \u00a0DieTheater Chemnitz (Figurentheater)<\/p>\n<p style=\"margin: 0cm 0cm 18pt; font-size: 10pt; font-family: 'Times New Roman'; caret-color: #000000; color: #000000;\"><span style=\"font-size: 12pt; font-family: Helvetica; color: #7a7a7a;\">2019\u00a0\u00a0\u00a0\u00a0\u00a0\u00a0\u00a0<b>Armstrong.\u00a0<br \/>\u00a0 \u00a0 \u00a0 \u00a0 \u00a0 \u00a0 \u00a0 \u00a0Die abenteuerliche Reise einer Maus zum Mond . \u00a0\u00a0<br \/>\u00a0 \u00a0 \u00a0 \u00a0 \u00a0 \u00a0 \u00a0 \u00a0Urauff\u00fchrung \u00a0nach Torben Kuhlmann<br \/><\/b>\u00a0 \u00a0 \u00a0 \u00a0 \u00a0 \u00a0 \u00a0 \u00a0Buch \/ Musik \/ Insz.: Christian Claas \u00a0 \u00a0 \u00a0 \u00a0\u00a0<br \/>\u00a0 \u00a0 \u00a0 \u00a0 \u00a0 \u00a0 \u00a0 \u00a0Theater Chapeau Claque, Bamberg<\/span><\/p>\n<p style=\"margin: 0cm 0cm 18pt 49.65pt; font-size: 10pt; font-family: 'Times New Roman'; caret-color: #000000; color: #000000;\"><b><span style=\"font-size: 12pt; font-family: Helvetica; color: #7a7a7a;\">Der Meister und Margarita\u00a0\u00a0\u00a0\u00a0\u00a0\u00a0\u00a0\u00a0\u00a0\u00a0\u00a0<\/span><\/b><span style=\"font-size: 12pt; font-family: Helvetica; color: #7a7a7a;\"><br \/>Buch &amp; Insz.: Frank Engel\u00a0\u00a0\u00a0\u00a0\u00a0\u00a0\u00a0\u00a0\u00a0<br \/>Theater Waidspeicher, Erfurt<\/span><\/p>\n<p style=\"margin: 0cm 0cm 18pt 49.65pt; font-size: 10pt; font-family: 'Times New Roman'; caret-color: #000000; color: #000000; text-indent: -49.65pt;\"><span style=\"font-size: 12pt; font-family: Helvetica; color: #7a7a7a;\">2018\u00a0\u00a0\u00a0\u00a0\u00a0\u00a0\u00a0<b>Hans mein Igel<\/b><br \/>Insz. Frank Engel\u00a0\u00a0<br \/>Figurentheater Chemnitz<\/span><\/p>\n<p style=\"margin: 0cm 0cm 18pt 49.65pt; font-size: 10pt; font-family: 'Times New Roman'; caret-color: #000000; color: #000000; text-indent: -49.65pt;\"><span style=\"font-size: 12pt; font-family: Helvetica; color: #7a7a7a;\">2017\u00a0\u00a0\u00a0\u00a0\u00a0\u00a0\u00a0<b>Aladin und die Wunderlampe<\/b><br \/>Claas<br \/>DieTheater Chemnitz (Figurentheater)\u00a0<\/span><\/p>\n<p><b>\u00a0 \u00a0 \u00a0 \u00a0 \u00a0 \u00a0 \u00a0 \u00a0 \u00a0Am Anfang war Wei\u00df<\/b><br \/>\u00a0 \u00a0 \u00a0 \u00a0 \u00a0 \u00a0 \u00a0 \u00a0 \u00a0Hoffmann\u00a0\u00a0\u00a0\u00a0<br \/>\u00a0 \u00a0 \u00a0 \u00a0 \u00a0 \u00a0 \u00a0 \u00a0 \u00a0DieTheater Chemnitz (Figurentheater)<\/p>\n<p style=\"margin: 0cm 0cm 18pt 49.65pt; font-size: 10pt; font-family: 'Times New Roman'; caret-color: #000000; color: #000000; text-indent: -49.65pt;\"><b><span style=\"font-size: 12pt; font-family: Helvetica; color: #7a7a7a;\">\u00a0 \u00a0 \u00a0 \u00a0 \u00a0 \u00a0 \u00a0 \u00a0Die s\u00fc\u00dfesten Fr\u00fcchte<\/span><\/b><span style=\"font-size: 12pt; font-family: Helvetica; color: #7a7a7a;\"><br \/>Claas<br \/>TdJW, Leipzig<\/span><\/p>\n<p style=\"margin: 0cm 0cm 18pt 49.65pt; font-size: 10pt; font-family: 'Times New Roman'; caret-color: #000000; color: #000000; text-indent: -49.65pt;\"><span style=\"font-size: 12pt; font-family: Helvetica; color: #7a7a7a;\">2016\u00a0\u00a0\u00a0\u00a0\u00a0\u00a0\u00a0<b>Der Zauber von OZ<\/b><br \/>Claas (Baum)<br \/>Staatstheater Meiningen<\/span><\/p>\n<p style=\"margin: 0cm 0cm 18pt 49.65pt; font-size: 10pt; font-family: 'Times New Roman'; caret-color: #000000; color: #000000; text-indent: -49.65pt;\"><b><span style=\"font-size: 12pt; font-family: Helvetica; color: #7a7a7a;\">\u00a0 \u00a0 \u00a0 \u00a0 \u00a0 \u00a0 \u00a0 Auf dem Mond gibt\u2019s keine T\u00f6ne<\/span><\/b><span style=\"font-size: 12pt; font-family: Helvetica; color: #7a7a7a;\"><br \/>Claas \/ St\u00fcckentwicklung<br \/>Theater des Lachens, Frankfurt (O.)<br \/>Das weite Theater, Berlin<\/span><\/p>\n<p style=\"margin: 0cm 0cm 18pt 49.65pt; font-size: 10pt; font-family: 'Times New Roman'; caret-color: #000000; color: #000000; text-indent: -49.65pt;\"><b><span style=\"font-size: 12pt; font-family: Helvetica; color: #7a7a7a;\">\u00a0 \u00a0 \u00a0 \u00a0 \u00a0 \u00a0 \u00a0 Don Quijote<\/span><\/b><span style=\"font-size: 12pt; font-family: Helvetica; color: #7a7a7a;\"><br \/>Claas (Cervantes)<br \/>Theater Plauen\/Zwickau<\/span><\/p>\n<p style=\"margin: 0cm 0cm 18pt 49.65pt; font-size: 10pt; font-family: 'Times New Roman'; caret-color: #000000; color: #000000; text-indent: -49.65pt;\"><span style=\"font-size: 12pt; font-family: Helvetica; color: #7a7a7a;\">2014\u00a0\u00a0\u00a0\u00a0\u00a0\u00a0\u00a0<b>Peter Pan<\/b><br \/>Claas (Barrie)<br \/>Staatstheater Meiningen<\/span><\/p>\n<p style=\"margin: 0cm 0cm 18pt 49.65pt; font-size: 10pt; font-family: 'Times New Roman'; caret-color: #000000; color: #000000; text-indent: -49.65pt;\"><b><span style=\"font-size: 12pt; font-family: Helvetica; color: #7a7a7a;\">\u00a0 \u00a0 \u00a0 \u00a0 \u00a0 \u00a0 \u00a0 Die Opodeldoks<\/span><\/b><span style=\"font-size: 12pt; font-family: Helvetica; color: #7a7a7a;\"><br \/>Maar<br \/>Musikschule Schmalkalden<\/span><\/p>\n<p style=\"margin: 0cm 0cm 18pt 49.65pt; font-size: 10pt; font-family: 'Times New Roman'; caret-color: #000000; color: #000000; text-indent: -49.65pt;\"><span style=\"font-size: 12pt; font-family: Helvetica; color: #7a7a7a;\">2010\u00a0\u00a0\u00a0\u00a0\u00a0\u00a0\u00a0<b>Ein liebender Mann<\/b><br \/>Walser \/ R: Ansgar Haag<br \/>Staatstheater Meiningen<\/span><\/p>\n<p style=\"margin: 0cm 0cm 18pt 49.65pt; font-size: 10pt; font-family: 'Times New Roman'; caret-color: #000000; color: #000000;\"><b><span style=\"font-size: 12pt; font-family: Helvetica; color: #7a7a7a;\">Elternzeit<\/span><\/b><span style=\"font-size: 12pt; font-family: Helvetica; color: #7a7a7a;\">\u00a0\u00a0<br \/>Pavlovic \/ R: Meike Niemeyer<br \/>Staatstheater Meiningen<\/span><\/p>\n<p style=\"margin: 0cm 0cm 18pt 49.65pt; font-size: 10pt; font-family: 'Times New Roman'; caret-color: #000000; color: #000000;\"><b><span style=\"font-size: 12pt; font-family: Helvetica; color: #7a7a7a;\">Alice<\/span><\/b><span style=\"font-size: 12pt; font-family: Helvetica; color: #7a7a7a;\"><br \/>Schimmelpfennig \/ R: Lochmann \/ Beyer<br \/>Staatstheater Meiningen<\/span><\/p>\n<p style=\"margin: 0cm 0cm 18pt 49.65pt; font-size: 10pt; font-family: 'Times New Roman'; caret-color: #000000; color: #000000;\"><b><span style=\"font-size: 12pt; font-family: Helvetica; color: #7a7a7a;\">Mit dem Einkaufswagen durch die W\u00fcste<\/span><\/b><span style=\"font-size: 12pt; font-family: Helvetica; color: #7a7a7a;\"><br \/>Revue<br \/>Staatstheater Meiningen<\/span><\/p>\n<p style=\"margin: 0cm 0cm 18pt 49.65pt; font-size: 10pt; font-family: 'Times New Roman'; caret-color: #000000; color: #000000;\"><b><span style=\"font-size: 12pt; font-family: Helvetica; color: #7a7a7a;\">Das K\u00e4thchen von Heilbronn<\/span><\/b><span style=\"font-size: 12pt; font-family: Helvetica; color: #7a7a7a;\"><br \/>Kleist \/ R: Thomas Goritzki<br \/>Staatstheater Meiningen<\/span><\/p>\n<p style=\"margin: 0cm 0cm 18pt 49.65pt; font-size: 10pt; font-family: 'Times New Roman'; caret-color: #000000; color: #000000; text-indent: -49.65pt;\"><span style=\"font-size: 12pt; font-family: Helvetica; color: #7a7a7a;\">2008\u00a0\u00a0\u00a0\u00a0\u00a0\u00a0\u00a0<b>Jim Knopf<\/b><br \/>Ende \/ R: Markus Beer<br \/>Naturb\u00fchne Hohensyburg<\/span><\/p>\n<p style=\"margin: 0cm 0cm 18pt 49.65pt; font-size: 10pt; font-family: 'Times New Roman'; caret-color: #000000; color: #000000; text-indent: -49.65pt;\"><span style=\"font-size: 12pt; font-family: Helvetica; color: #7a7a7a;\">2007\u00a0\u00a0\u00a0\u00a0\u00a0\u00a0\u00a0<b>Dschungelbuch<\/b><br \/>Claas \/ Beer nach Kipling<br \/>Naturb\u00fchne Hohensyburg<\/span><\/p>\n<p style=\"margin: 0cm 0cm 18pt 49.65pt; font-size: 10pt; font-family: 'Times New Roman'; caret-color: #000000; color: #000000; text-indent: -49.65pt;\"><span style=\"font-size: 12pt; font-family: Helvetica; color: #7a7a7a;\">2006\u00a0\u00a0\u00a0\u00a0\u00a0\u00a0\u00a0<b>Urmel aus dem Eis<\/b><br \/>Preussler<br \/>Naturb\u00fchne Hohensyburg<\/span><\/p>\n<p style=\"margin: 0cm 0cm 18pt 49.65pt; font-size: 10pt; font-family: 'Times New Roman'; caret-color: #000000; color: #000000; text-indent: -49.65pt;\"><span style=\"font-size: 12pt; font-family: Helvetica; color: #7a7a7a;\">2005\u00a0\u00a0\u00a0\u00a0\u00a0\u00a0\u00a0<b>Robin Hood<\/b><br \/>Friedman<br \/>Castillo Theatre New York<\/span><\/p>\n<p style=\"margin: 0cm 0cm 18pt 49.65pt; font-size: 10pt; font-family: 'Times New Roman'; caret-color: #000000; color: #000000; text-indent: -49.65pt;\"><b><span style=\"font-size: 12pt; font-family: Helvetica; color: #7a7a7a;\">\u00a0\u00a0\u00a0\u00a0\u00a0\u00a0\u00a0\u00a0\u00a0\u00a0\u00a0\u00a0\u00a0The Postmodern Follies<\/span><\/b><span style=\"font-size: 12pt; font-family: Helvetica; color: #7a7a7a;\"><br \/>Newman<br \/>Castillo Theatre New York<\/span><\/p>\n<p style=\"margin: 0cm 0cm 9pt; font-size: 10pt; font-family: 'Times New Roman'; caret-color: #000000; color: #000000;\"><b><span style=\"font-size: 12pt; font-family: Helvetica; color: #cccccc;\">Ver\u00f6ffentlichung auf CD<\/span><\/b><\/p>\n<p style=\"margin: 0cm 0cm 18pt; font-size: 10pt; font-family: 'Times New Roman'; caret-color: #000000; color: #000000;\"><span style=\"font-size: 12pt; font-family: Helvetica; color: #7a7a7a;\">2016 \u00a0 \u00a0 \u00a0\u00a0<b>Der Zauberer von OZ<\/b><br \/>\u00a0 \u00a0 \u00a0 \u00a0 \u00a0 \u00a0 \u00a0 \u00a0 Buch mit Musik-CD \/ Staatstheater Meiningen<\/span><\/p>\n<p style=\"margin: 0cm 0cm 18pt; font-size: 10pt; font-family: 'Times New Roman'; caret-color: #000000; color: #000000;\"><span style=\"font-size: 12pt; font-family: Helvetica; color: #7a7a7a;\">2014 \u00a0 \u00a0 \u00a0 \u00a0<b>Peter Pan<\/b><br \/>\u00a0 \u00a0 \u00a0 \u00a0 \u00a0 \u00a0 \u00a0 \u00a0 \u00a0H\u00f6rbuch mit Musik auf CD \/ Staatstheater Meiningen<\/span><\/p>\n<p style=\"margin: 0cm 0cm 18pt; font-size: 10pt; font-family: 'Times New Roman'; caret-color: #000000; color: #000000;\"><span style=\"font-size: 12pt; font-family: Helvetica; color: #7a7a7a;\">2007 \u00a0 \u00a0 \u00a0 \u00a0<b>Das Dschungelbuch\u00a0<\/b>\/ Claas<br \/>\u00a0 \u00a0 \u00a0 \u00a0 \u00a0 \u00a0 \u00a0 \u00a0 \u00a0H\u00f6rspiel mit Musik \/ Naturb\u00fchne Hohensyburg<\/span><\/p>\n<p style=\"margin: 0cm 0cm 18pt; font-size: 10pt; font-family: 'Times New Roman'; caret-color: #000000; color: #000000;\"><span style=\"font-size: 12pt; font-family: Helvetica; color: #7a7a7a;\">2006 \u00a0 \u00a0 \u00a0 \u00a0<b>Die Hits der Kinderst\u00fccke\u00a0\u00a0\u00a0\u00a0\u00a0\u00a0\u00a0\u00a0\u00a0\u00a0\u00a0\u00a0<\/b><br \/>\u00a0 \u00a0 \u00a0 \u00a0 \u00a0 \u00a0 \u00a0 \u00a0 \u00a0CD mit 40 Musiktiteln \/ Naturb\u00fchne Hohensyburg<\/span><\/p>\n<p style=\"margin: 0cm 0cm 18pt; font-size: 10pt; font-family: 'Times New Roman'; caret-color: #000000; color: #000000;\"><span style=\"font-size: 12pt; font-family: Helvetica; color: #7a7a7a;\">2005 \u00a0 \u00a0 \u00a0 \u00a0<b>K\u00e4nga! \/<\/b>\u00a0Albrecht \/ Claas<br \/>\u00a0 \u00a0 \u00a0 \u00a0 \u00a0 \u00a0 \u00a0 \u00a0 \u00a0H\u00f6rspiel mit Musik \/ Naturb\u00fchne Hohensyburg<\/span><\/p>\n<p style=\"margin: 0cm 0cm 18pt; font-size: 10pt; font-family: 'Times New Roman'; caret-color: #000000; color: #000000;\"><span style=\"font-size: 12pt; font-family: Helvetica; color: #7a7a7a;\">2004 \u00a0 \u00a0 \u00a0 \u00a0<b>Peter Pan<\/b>\u00a0\/ Albrecht \/ Claas nach Barrie<br \/>\u00a0 \u00a0 \u00a0 \u00a0 \u00a0 \u00a0 \u00a0 \u00a0 \u00a0H\u00f6rspiel mit Musik \/ Naturb\u00fchne Hohensyburg<\/span><\/p>\n<p style=\"margin: 0cm 0cm 18pt; font-size: 10pt; font-family: 'Times New Roman'; caret-color: #000000; color: #000000;\"><span style=\"font-size: 12pt; font-family: Helvetica; color: #7a7a7a;\">2003 \u00a0 \u00a0 \u00a0 \u00a0<b>Aladdin<\/b>\u00a0\/ Albrecht<br \/>\u00a0 \u00a0 \u00a0 \u00a0 \u00a0 \u00a0 \u00a0 \u00a0 \u00a0H\u00f6rspiel mit Musik \/ Naturb\u00fchne Hohensyburg<\/span><\/p>\n<p style=\"margin: 0cm 0cm 18pt; font-size: 10pt; font-family: 'Times New Roman'; caret-color: #000000; color: #000000;\"><span style=\"font-size: 12pt; font-family: Helvetica; color: #7a7a7a;\">2002 \u00a0 \u00a0 \u00a0 \u00a0<b>Der Zauberer von Oz<\/b>\u00a0\/ Albrecht \/ Claas (Baum)<br \/>\u00a0 \u00a0 \u00a0 \u00a0 \u00a0 \u00a0 \u00a0 \u00a0 \u00a0H\u00f6rspiel mit Musik \/ Naturb\u00fchne Hohensyburg<\/span><\/p>\n<p style=\"margin: 0cm 0cm 18pt; font-size: 10pt; font-family: 'Times New Roman'; caret-color: #000000; color: #000000;\"><span style=\"font-size: 12pt; font-family: Helvetica; color: #7a7a7a;\">2001 \u00a0 \u00a0 \u00a0 \u00a0<b>Die Opodeldoks<\/b>\u00a0\/ Maar<br \/>\u00a0 \u00a0 \u00a0 \u00a0 \u00a0 \u00a0 \u00a0 \u00a0 \u00a0H\u00f6rspiel mit Musik \/ Naturb\u00fchne Hohensyburg<\/span><\/p>\n<p style=\"margin: 0cm 0cm 0.0001pt; font-size: medium; font-family: Cambria; caret-color: #000000; color: #000000;\">\u00a0<\/p>\n<p style=\"margin: 0cm 0cm 0.0001pt; font-size: medium; font-family: Cambria; caret-color: #000000; color: #000000; text-align: start;\">\u00a0<\/p>\n<p><!-- \/wp:paragraph --><\/p>\n<p><!-- wp:paragraph --><\/p>\n<p>\u00a0<\/p>\n<p><!-- \/wp:paragraph --><\/p>\n<p><!-- wp:paragraph --><\/p>\n<p>\u00a0<\/p>\n<p><!-- \/wp:paragraph --><\/p>\n<p><!-- wp:paragraph --><\/p>\n<p>\u00a0<\/p>\n<p><!-- \/wp:paragraph --><\/p>\t\t\t\t\t\t<\/div>\n\t\t\t\t<\/div>\n\t\t\t\t\t<\/div>\n\t\t<\/div>\n\t\t\t\t\t<\/div>\n\t\t<\/section>\n\t\t\t\t<\/div>\n\t\t","protected":false},"excerpt":{"rendered":"<p>\u00a0 2022 \u00a0 \u00a0 \u00a0Yvonne &#8211; Die Burgunderprinzessin &#8211; Soundtrack \u00a0und Theatermusik \u00a0 \u00a0 \u00a0 \u00a0 \u00a0 \u00a0 \u00a0 \u00a0Insz.: Frank EngelAnhaltisches Theater, Dessau.\u00a0 \u00a0 \u00a0 \u00a0 \u00a0 \u00a0 \u00a0 \u00a0 \u00a0Kleiner Mann &#8211; was nun? &#8211; Teil 2 \u00a0&#8211; Live Musik \u00a0 \u00a0 \u00a0 \u00a0 \u00a0 \u00a0 \u00a0 \u00a0Insz.: Hardy HoosmannFritz Theater. Chemnitz\u00a0 2021 &hellip; <\/p>\n<p class=\"link-more\"><a href=\"https:\/\/christianclaas.com\/?page_id=214\" class=\"more-link\"><span class=\"screen-reader-text\">\u201eMusik\u201c<\/span> weiterlesen<\/a><\/p>\n","protected":false},"author":1,"featured_media":718,"parent":0,"menu_order":0,"comment_status":"closed","ping_status":"closed","template":"","meta":{"footnotes":""},"_links":{"self":[{"href":"https:\/\/christianclaas.com\/index.php?rest_route=\/wp\/v2\/pages\/214"}],"collection":[{"href":"https:\/\/christianclaas.com\/index.php?rest_route=\/wp\/v2\/pages"}],"about":[{"href":"https:\/\/christianclaas.com\/index.php?rest_route=\/wp\/v2\/types\/page"}],"author":[{"embeddable":true,"href":"https:\/\/christianclaas.com\/index.php?rest_route=\/wp\/v2\/users\/1"}],"replies":[{"embeddable":true,"href":"https:\/\/christianclaas.com\/index.php?rest_route=%2Fwp%2Fv2%2Fcomments&post=214"}],"version-history":[{"count":56,"href":"https:\/\/christianclaas.com\/index.php?rest_route=\/wp\/v2\/pages\/214\/revisions"}],"predecessor-version":[{"id":752,"href":"https:\/\/christianclaas.com\/index.php?rest_route=\/wp\/v2\/pages\/214\/revisions\/752"}],"wp:featuredmedia":[{"embeddable":true,"href":"https:\/\/christianclaas.com\/index.php?rest_route=\/wp\/v2\/media\/718"}],"wp:attachment":[{"href":"https:\/\/christianclaas.com\/index.php?rest_route=%2Fwp%2Fv2%2Fmedia&parent=214"}],"curies":[{"name":"wp","href":"https:\/\/api.w.org\/{rel}","templated":true}]}}