{"id":25,"date":"2019-03-18T21:35:34","date_gmt":"2019-03-18T21:35:34","guid":{"rendered":"http:\/\/christianclaas.com\/?page_id=25"},"modified":"2019-03-22T10:37:08","modified_gmt":"2019-03-22T10:37:08","slug":"impressum","status":"publish","type":"page","link":"https:\/\/christianclaas.com\/?page_id=25","title":{"rendered":"Impressum"},"content":{"rendered":"\n<h1 class=\"wp-block-heading\">Impressum<\/h1>\n\n\n\n<p><a href=\"http:\/\/www.deutsche-anwaltshotline.de\/recht-auf-ihrer-website\/impressum-generator\">Impressum dieser Website erstellt<\/a>  \u00fcber den Generator der Deutschen Anwaltshotline AG<br><br>Angaben gem. \u00a7 5 TMG<br><br><strong>Betreiber und Kontakt:<\/strong><br>Christian Claas<br>Horst-Menzel-Str. 34 <br>09112  Chemnitz<br><br>Telefonnummer: +49 371 91288867<br>E-Mail-Adresse: info[at]claastheater.de<\/p>\n\n\n\n<p><strong>Online-Streitbeilegung gem\u00e4\u00df Art. 14 Abs. 1 ODR-VO<\/strong><br>Die Europ\u00e4ische Kommission stellt eine Plattform zur Online-Streitbeilegung (OS) bereit, die Sie unter <a href=\"http:\/\/ec.europa.eu\/consumers\/odr\/\">http:\/\/ec.europa.eu\/consumers\/odr\/<\/a> finden.<\/p>\n","protected":false},"excerpt":{"rendered":"<p>Impressum Impressum dieser Website erstellt \u00fcber den Generator der Deutschen Anwaltshotline AG Angaben gem. \u00a7 5 TMG Betreiber und Kontakt:Christian ClaasHorst-Menzel-Str. 34 09112 Chemnitz Telefonnummer: +49 371 91288867E-Mail-Adresse: info[at]claastheater.de Online-Streitbeilegung gem\u00e4\u00df Art. 14 Abs. 1 ODR-VODie Europ\u00e4ische Kommission stellt eine Plattform zur Online-Streitbeilegung (OS) bereit, die Sie unter http:\/\/ec.europa.eu\/consumers\/odr\/ finden.<\/p>\n","protected":false},"author":1,"featured_media":0,"parent":0,"menu_order":0,"comment_status":"closed","ping_status":"closed","template":"","meta":{"footnotes":""},"_links":{"self":[{"href":"https:\/\/christianclaas.com\/index.php?rest_route=\/wp\/v2\/pages\/25"}],"collection":[{"href":"https:\/\/christianclaas.com\/index.php?rest_route=\/wp\/v2\/pages"}],"about":[{"href":"https:\/\/christianclaas.com\/index.php?rest_route=\/wp\/v2\/types\/page"}],"author":[{"embeddable":true,"href":"https:\/\/christianclaas.com\/index.php?rest_route=\/wp\/v2\/users\/1"}],"replies":[{"embeddable":true,"href":"https:\/\/christianclaas.com\/index.php?rest_route=%2Fwp%2Fv2%2Fcomments&post=25"}],"version-history":[{"count":2,"href":"https:\/\/christianclaas.com\/index.php?rest_route=\/wp\/v2\/pages\/25\/revisions"}],"predecessor-version":[{"id":82,"href":"https:\/\/christianclaas.com\/index.php?rest_route=\/wp\/v2\/pages\/25\/revisions\/82"}],"wp:attachment":[{"href":"https:\/\/christianclaas.com\/index.php?rest_route=%2Fwp%2Fv2%2Fmedia&parent=25"}],"curies":[{"name":"wp","href":"https:\/\/api.w.org\/{rel}","templated":true}]}}